{"id":51,"date":"2017-11-24T11:28:40","date_gmt":"2017-11-24T10:28:40","guid":{"rendered":"http:\/\/dev.alexpetrusdev.de\/?page_id=51"},"modified":"2025-05-26T10:36:27","modified_gmt":"2025-05-26T08:36:27","slug":"impressum","status":"publish","type":"page","link":"https:\/\/profil-netzwerkverein.de\/en\/impressum\/","title":{"rendered":"Imprint"},"content":{"rendered":"<p>ProFiL-Netzwerkverein e. V.<br \/>\nDorothea Jansen<br \/>\nTechnische Universit\u00e4t Berlin<br \/>\nKAI 2-1<br \/>\nKaiserin-Augusta-Allee 104-106<br \/>\n10553 Berlin<\/p>\n<p>Phone: (030)-314-29304<br \/>\nFax: (030)-314-28966<br \/>\nE-Mail: jansen@tu-berlin.de<\/p>\n<h2>Disclaimer of liability:<\/h2>\n<p>In accordance with the judgement of the District Court of Hamburg of May 12, 1998, providers may be held responsible for the contents of linked websites if they do not sufficiently distance themselves from this content. Our website contains links to pages of other providers on the Internet. We expressly declare that at the time the links were established, the corresponding pages were free of illegal content. We assume no liability for the content of these external links and have no influence on the current and future design and content of the linked pages. The operators of the linked sites are exclusively responsible for the content of their sites. We hereby expressly distance ourselves from all content of all linked pages that have been changed after the link was established. This statement applies to all links and references included on our website.<\/p>\n","protected":false},"excerpt":{"rendered":"<p>ProFiL-Netzwerkverein e. V. Dorothea Jansen Technische Universit\u00e4t Berlin KAI 2-1 Kaiserin-Augusta-Allee 104-106 10553 Berlin Phone: (030)-314-29304 Fax: (030)-314-28966 E-Mail: jansen@tu-berlin.de Disclaimer of liability: In accordance with the judgement of the District Court of Hamburg of May 12, 1998, providers may be held responsible for the contents of linked websites if they do not sufficiently distance&hellip; <\/p>\n","protected":false},"author":1,"featured_media":0,"parent":0,"menu_order":0,"comment_status":"closed","ping_status":"closed","template":"","meta":{"footnotes":""},"class_list":["post-51","page","type-page","status-publish","hentry"],"translation":{"provider":"WPGlobus","version":"3.0.2","language":"en","enabled_languages":["de","en"],"languages":{"de":{"title":true,"content":true,"excerpt":false},"en":{"title":true,"content":true,"excerpt":false}}},"yoast_head":"<!-- This site is optimized with the Yoast SEO plugin v27.1.1 - https:\/\/yoast.com\/product\/yoast-seo-wordpress\/ -->\n<title>Imprint - ProFil-Netzwerkverein<\/title>\n<meta name=\"robots\" content=\"index, follow, max-snippet:-1, max-image-preview:large, max-video-preview:-1\" \/>\n<link rel=\"canonical\" href=\"https:\/\/profil-netzwerkverein.de\/impressum\/\" \/>\n<meta name=\"twitter:label1\" content=\"Est. reading time\" \/>\n\t<meta name=\"twitter:data1\" content=\"1 minute\" \/>\n<script type=\"application\/ld+json\" class=\"yoast-schema-graph\">{\"@context\":\"https:\/\/schema.org\",\"@graph\":[{\"@type\":\"WebPage\",\"@id\":\"https:\/\/profil-netzwerkverein.de\/impressum\/\",\"url\":\"https:\/\/profil-netzwerkverein.de\/impressum\/\",\"name\":\"Imprint - ProFil-Netzwerkverein\",\"isPartOf\":{\"@id\":\"https:\/\/profil-netzwerkverein.de\/#website\"},\"datePublished\":\"2017-11-24T10:28:40+00:00\",\"dateModified\":\"2025-05-26T08:36:27+00:00\",\"breadcrumb\":{\"@id\":\"https:\/\/profil-netzwerkverein.de\/impressum\/#breadcrumb\"},\"inLanguage\":\"en-US\",\"potentialAction\":[{\"@type\":\"ReadAction\",\"target\":[\"https:\/\/profil-netzwerkverein.de\/impressum\/\"]}]},{\"@type\":\"BreadcrumbList\",\"@id\":\"https:\/\/profil-netzwerkverein.de\/impressum\/#breadcrumb\",\"itemListElement\":[{\"@type\":\"ListItem\",\"position\":1,\"name\":\"Startseite\",\"item\":\"https:\/\/profil-netzwerkverein.de\/\"},{\"@type\":\"ListItem\",\"position\":2,\"name\":\"Impressum\"}]},{\"@type\":\"WebSite\",\"@id\":\"https:\/\/profil-netzwerkverein.de\/#website\",\"url\":\"https:\/\/profil-netzwerkverein.de\/\",\"name\":\"ProFil-Netzwerkverein\",\"description\":\"zur F\u00f6rderung einer exzellenz- und gleichstellungsorientierten F\u00fchrungskr\u00e4fteentwicklung in der Wissenschaft e.V.\",\"publisher\":{\"@id\":\"https:\/\/profil-netzwerkverein.de\/#organization\"},\"potentialAction\":[{\"@type\":\"SearchAction\",\"target\":{\"@type\":\"EntryPoint\",\"urlTemplate\":\"https:\/\/profil-netzwerkverein.de\/?s={search_term_string}\"},\"query-input\":{\"@type\":\"PropertyValueSpecification\",\"valueRequired\":true,\"valueName\":\"search_term_string\"}}],\"inLanguage\":\"en-US\"},{\"@type\":\"Organization\",\"@id\":\"https:\/\/profil-netzwerkverein.de\/#organization\",\"name\":\"ProFiL-Netzwerkverein e. V.\",\"url\":\"https:\/\/profil-netzwerkverein.de\/\",\"logo\":{\"@type\":\"ImageObject\",\"inLanguage\":\"en-US\",\"@id\":\"https:\/\/profil-netzwerkverein.de\/#\/schema\/logo\/image\/\",\"url\":\"https:\/\/profil-netzwerkverein.de\/wp-content\/uploads\/2018\/02\/Logo_ProFiL_version1.1.png\",\"contentUrl\":\"https:\/\/profil-netzwerkverein.de\/wp-content\/uploads\/2018\/02\/Logo_ProFiL_version1.1.png\",\"width\":2000,\"height\":589,\"caption\":\"ProFiL-Netzwerkverein e. V.\"},\"image\":{\"@id\":\"https:\/\/profil-netzwerkverein.de\/#\/schema\/logo\/image\/\"}}]}<\/script>\n<!-- \/ Yoast SEO plugin. -->","yoast_head_json":{"title":"Imprint - ProFil-Netzwerkverein","robots":{"index":"index","follow":"follow","max-snippet":"max-snippet:-1","max-image-preview":"max-image-preview:large","max-video-preview":"max-video-preview:-1"},"canonical":"https:\/\/profil-netzwerkverein.de\/impressum\/","twitter_misc":{"Est. reading time":"1 minute"},"schema":{"@context":"https:\/\/schema.org","@graph":[{"@type":"WebPage","@id":"https:\/\/profil-netzwerkverein.de\/impressum\/","url":"https:\/\/profil-netzwerkverein.de\/impressum\/","name":"Imprint - ProFil-Netzwerkverein","isPartOf":{"@id":"https:\/\/profil-netzwerkverein.de\/#website"},"datePublished":"2017-11-24T10:28:40+00:00","dateModified":"2025-05-26T08:36:27+00:00","breadcrumb":{"@id":"https:\/\/profil-netzwerkverein.de\/impressum\/#breadcrumb"},"inLanguage":"en-US","potentialAction":[{"@type":"ReadAction","target":["https:\/\/profil-netzwerkverein.de\/impressum\/"]}]},{"@type":"BreadcrumbList","@id":"https:\/\/profil-netzwerkverein.de\/impressum\/#breadcrumb","itemListElement":[{"@type":"ListItem","position":1,"name":"Startseite","item":"https:\/\/profil-netzwerkverein.de\/"},{"@type":"ListItem","position":2,"name":"Impressum"}]},{"@type":"WebSite","@id":"https:\/\/profil-netzwerkverein.de\/#website","url":"https:\/\/profil-netzwerkverein.de\/","name":"ProFil-Netzwerkverein","description":"zur F\u00f6rderung einer exzellenz- und gleichstellungsorientierten F\u00fchrungskr\u00e4fteentwicklung in der Wissenschaft e.V.","publisher":{"@id":"https:\/\/profil-netzwerkverein.de\/#organization"},"potentialAction":[{"@type":"SearchAction","target":{"@type":"EntryPoint","urlTemplate":"https:\/\/profil-netzwerkverein.de\/?s={search_term_string}"},"query-input":{"@type":"PropertyValueSpecification","valueRequired":true,"valueName":"search_term_string"}}],"inLanguage":"en-US"},{"@type":"Organization","@id":"https:\/\/profil-netzwerkverein.de\/#organization","name":"ProFiL-Netzwerkverein e. V.","url":"https:\/\/profil-netzwerkverein.de\/","logo":{"@type":"ImageObject","inLanguage":"en-US","@id":"https:\/\/profil-netzwerkverein.de\/#\/schema\/logo\/image\/","url":"https:\/\/profil-netzwerkverein.de\/wp-content\/uploads\/2018\/02\/Logo_ProFiL_version1.1.png","contentUrl":"https:\/\/profil-netzwerkverein.de\/wp-content\/uploads\/2018\/02\/Logo_ProFiL_version1.1.png","width":2000,"height":589,"caption":"ProFiL-Netzwerkverein e. V."},"image":{"@id":"https:\/\/profil-netzwerkverein.de\/#\/schema\/logo\/image\/"}}]}},"_links":{"self":[{"href":"https:\/\/profil-netzwerkverein.de\/en\/wp-json\/wp\/v2\/pages\/51","targetHints":{"allow":["GET"]}}],"collection":[{"href":"https:\/\/profil-netzwerkverein.de\/en\/wp-json\/wp\/v2\/pages"}],"about":[{"href":"https:\/\/profil-netzwerkverein.de\/en\/wp-json\/wp\/v2\/types\/page"}],"author":[{"embeddable":true,"href":"https:\/\/profil-netzwerkverein.de\/en\/wp-json\/wp\/v2\/users\/1"}],"replies":[{"embeddable":true,"href":"https:\/\/profil-netzwerkverein.de\/en\/wp-json\/wp\/v2\/comments?post=51"}],"version-history":[{"count":8,"href":"https:\/\/profil-netzwerkverein.de\/en\/wp-json\/wp\/v2\/pages\/51\/revisions"}],"predecessor-version":[{"id":970,"href":"https:\/\/profil-netzwerkverein.de\/en\/wp-json\/wp\/v2\/pages\/51\/revisions\/970"}],"wp:attachment":[{"href":"https:\/\/profil-netzwerkverein.de\/en\/wp-json\/wp\/v2\/media?parent=51"}],"curies":[{"name":"wp","href":"https:\/\/api.w.org\/{rel}","templated":true}]}}