{"id":507,"date":"2020-08-04T21:30:59","date_gmt":"2020-08-04T19:30:59","guid":{"rendered":"https:\/\/profil-netzwerkverein.de\/?page_id=507"},"modified":"2020-11-11T10:11:14","modified_gmt":"2020-11-11T09:11:14","slug":"mitgliederbereich","status":"publish","type":"page","link":"https:\/\/profil-netzwerkverein.de\/en\/mitgliederbereich\/","title":{"rendered":"Member Area"},"content":{"rendered":"<div class=\"swpm-post-not-logged-in-msg\">You need to be logged in to view this content. Please <a class=\"swpm-login-link\" href=\"https:\/\/profil-netzwerkverein.de\/membership-login\/\">Log In<\/a>. Not a Member? <a href=\"https:\/\/profil-netzwerkverein.de\/mitgliedschaft\/\">Join Us<\/a><\/div>","protected":false},"excerpt":{"rendered":"<p>You need to be logged in to view this content. Please Log In. Not a Member? Join Us<\/p>\n","protected":false},"author":1,"featured_media":0,"parent":0,"menu_order":0,"comment_status":"closed","ping_status":"closed","template":"","meta":{"footnotes":""},"class_list":["post-507","page","type-page","status-publish","hentry"],"translation":{"provider":"WPGlobus","version":"3.0.2","language":"en","enabled_languages":["de","en"],"languages":{"de":{"title":true,"content":true,"excerpt":false},"en":{"title":true,"content":false,"excerpt":false}}},"yoast_head":"<!-- This site is optimized with the Yoast SEO plugin v27.1.1 - https:\/\/yoast.com\/product\/yoast-seo-wordpress\/ -->\n<title>Member Area - ProFil-Netzwerkverein<\/title>\n<meta name=\"robots\" content=\"index, follow, max-snippet:-1, max-image-preview:large, max-video-preview:-1\" \/>\n<link rel=\"canonical\" href=\"https:\/\/profil-netzwerkverein.de\/en\/mitgliederbereich\/\" \/>\n<script type=\"application\/ld+json\" class=\"yoast-schema-graph\">{\"@context\":\"https:\/\/schema.org\",\"@graph\":[{\"@type\":\"WebPage\",\"@id\":\"https:\/\/profil-netzwerkverein.de\/en\/mitgliederbereich\/\",\"url\":\"https:\/\/profil-netzwerkverein.de\/en\/mitgliederbereich\/\",\"name\":\"Member Area - ProFil-Netzwerkverein\",\"isPartOf\":{\"@id\":\"https:\/\/profil-netzwerkverein.de\/#website\"},\"datePublished\":\"2020-08-04T19:30:59+00:00\",\"dateModified\":\"2020-11-11T09:11:14+00:00\",\"breadcrumb\":{\"@id\":\"https:\/\/profil-netzwerkverein.de\/en\/mitgliederbereich\/#breadcrumb\"},\"inLanguage\":\"en-US\",\"potentialAction\":[{\"@type\":\"ReadAction\",\"target\":[\"https:\/\/profil-netzwerkverein.de\/en\/mitgliederbereich\/\"]}]},{\"@type\":\"BreadcrumbList\",\"@id\":\"https:\/\/profil-netzwerkverein.de\/en\/mitgliederbereich\/#breadcrumb\",\"itemListElement\":[{\"@type\":\"ListItem\",\"position\":1,\"name\":\"Startseite\",\"item\":\"https:\/\/profil-netzwerkverein.de\/\"},{\"@type\":\"ListItem\",\"position\":2,\"name\":\"Member Area\"}]},{\"@type\":\"WebSite\",\"@id\":\"https:\/\/profil-netzwerkverein.de\/#website\",\"url\":\"https:\/\/profil-netzwerkverein.de\/\",\"name\":\"ProFil-Netzwerkverein\",\"description\":\"zur F\u00f6rderung einer exzellenz- und gleichstellungsorientierten F\u00fchrungskr\u00e4fteentwicklung in der Wissenschaft e.V.\",\"publisher\":{\"@id\":\"https:\/\/profil-netzwerkverein.de\/#organization\"},\"potentialAction\":[{\"@type\":\"SearchAction\",\"target\":{\"@type\":\"EntryPoint\",\"urlTemplate\":\"https:\/\/profil-netzwerkverein.de\/?s={search_term_string}\"},\"query-input\":{\"@type\":\"PropertyValueSpecification\",\"valueRequired\":true,\"valueName\":\"search_term_string\"}}],\"inLanguage\":\"en-US\"},{\"@type\":\"Organization\",\"@id\":\"https:\/\/profil-netzwerkverein.de\/#organization\",\"name\":\"ProFiL-Netzwerkverein e. V.\",\"url\":\"https:\/\/profil-netzwerkverein.de\/\",\"logo\":{\"@type\":\"ImageObject\",\"inLanguage\":\"en-US\",\"@id\":\"https:\/\/profil-netzwerkverein.de\/#\/schema\/logo\/image\/\",\"url\":\"https:\/\/profil-netzwerkverein.de\/wp-content\/uploads\/2018\/02\/Logo_ProFiL_version1.1.png\",\"contentUrl\":\"https:\/\/profil-netzwerkverein.de\/wp-content\/uploads\/2018\/02\/Logo_ProFiL_version1.1.png\",\"width\":2000,\"height\":589,\"caption\":\"ProFiL-Netzwerkverein e. V.\"},\"image\":{\"@id\":\"https:\/\/profil-netzwerkverein.de\/#\/schema\/logo\/image\/\"}}]}<\/script>\n<!-- \/ Yoast SEO plugin. -->","yoast_head_json":{"title":"Member Area - ProFil-Netzwerkverein","robots":{"index":"index","follow":"follow","max-snippet":"max-snippet:-1","max-image-preview":"max-image-preview:large","max-video-preview":"max-video-preview:-1"},"canonical":"https:\/\/profil-netzwerkverein.de\/en\/mitgliederbereich\/","schema":{"@context":"https:\/\/schema.org","@graph":[{"@type":"WebPage","@id":"https:\/\/profil-netzwerkverein.de\/en\/mitgliederbereich\/","url":"https:\/\/profil-netzwerkverein.de\/en\/mitgliederbereich\/","name":"Member Area - ProFil-Netzwerkverein","isPartOf":{"@id":"https:\/\/profil-netzwerkverein.de\/#website"},"datePublished":"2020-08-04T19:30:59+00:00","dateModified":"2020-11-11T09:11:14+00:00","breadcrumb":{"@id":"https:\/\/profil-netzwerkverein.de\/en\/mitgliederbereich\/#breadcrumb"},"inLanguage":"en-US","potentialAction":[{"@type":"ReadAction","target":["https:\/\/profil-netzwerkverein.de\/en\/mitgliederbereich\/"]}]},{"@type":"BreadcrumbList","@id":"https:\/\/profil-netzwerkverein.de\/en\/mitgliederbereich\/#breadcrumb","itemListElement":[{"@type":"ListItem","position":1,"name":"Startseite","item":"https:\/\/profil-netzwerkverein.de\/"},{"@type":"ListItem","position":2,"name":"Member Area"}]},{"@type":"WebSite","@id":"https:\/\/profil-netzwerkverein.de\/#website","url":"https:\/\/profil-netzwerkverein.de\/","name":"ProFil-Netzwerkverein","description":"zur F\u00f6rderung einer exzellenz- und gleichstellungsorientierten F\u00fchrungskr\u00e4fteentwicklung in der Wissenschaft e.V.","publisher":{"@id":"https:\/\/profil-netzwerkverein.de\/#organization"},"potentialAction":[{"@type":"SearchAction","target":{"@type":"EntryPoint","urlTemplate":"https:\/\/profil-netzwerkverein.de\/?s={search_term_string}"},"query-input":{"@type":"PropertyValueSpecification","valueRequired":true,"valueName":"search_term_string"}}],"inLanguage":"en-US"},{"@type":"Organization","@id":"https:\/\/profil-netzwerkverein.de\/#organization","name":"ProFiL-Netzwerkverein e. V.","url":"https:\/\/profil-netzwerkverein.de\/","logo":{"@type":"ImageObject","inLanguage":"en-US","@id":"https:\/\/profil-netzwerkverein.de\/#\/schema\/logo\/image\/","url":"https:\/\/profil-netzwerkverein.de\/wp-content\/uploads\/2018\/02\/Logo_ProFiL_version1.1.png","contentUrl":"https:\/\/profil-netzwerkverein.de\/wp-content\/uploads\/2018\/02\/Logo_ProFiL_version1.1.png","width":2000,"height":589,"caption":"ProFiL-Netzwerkverein e. V."},"image":{"@id":"https:\/\/profil-netzwerkverein.de\/#\/schema\/logo\/image\/"}}]}},"_links":{"self":[{"href":"https:\/\/profil-netzwerkverein.de\/en\/wp-json\/wp\/v2\/pages\/507","targetHints":{"allow":["GET"]}}],"collection":[{"href":"https:\/\/profil-netzwerkverein.de\/en\/wp-json\/wp\/v2\/pages"}],"about":[{"href":"https:\/\/profil-netzwerkverein.de\/en\/wp-json\/wp\/v2\/types\/page"}],"author":[{"embeddable":true,"href":"https:\/\/profil-netzwerkverein.de\/en\/wp-json\/wp\/v2\/users\/1"}],"replies":[{"embeddable":true,"href":"https:\/\/profil-netzwerkverein.de\/en\/wp-json\/wp\/v2\/comments?post=507"}],"version-history":[{"count":5,"href":"https:\/\/profil-netzwerkverein.de\/en\/wp-json\/wp\/v2\/pages\/507\/revisions"}],"predecessor-version":[{"id":591,"href":"https:\/\/profil-netzwerkverein.de\/en\/wp-json\/wp\/v2\/pages\/507\/revisions\/591"}],"wp:attachment":[{"href":"https:\/\/profil-netzwerkverein.de\/en\/wp-json\/wp\/v2\/media?parent=507"}],"curies":[{"name":"wp","href":"https:\/\/api.w.org\/{rel}","templated":true}]}}