{"id":25,"date":"2017-11-24T11:09:53","date_gmt":"2017-11-24T10:09:53","guid":{"rendered":"http:\/\/dev.alexpetrusdev.de\/?page_id=25"},"modified":"2026-01-08T17:38:50","modified_gmt":"2026-01-08T16:38:50","slug":"vorstand","status":"publish","type":"page","link":"https:\/\/profil-netzwerkverein.de\/en\/vorstand\/","title":{"rendered":"Board"},"content":{"rendered":"<div style=\"clear: both;\">\n<figure id=\"attachment_881\" aria-describedby=\"caption-attachment-881\" style=\"width: 202px\" class=\"wp-caption alignleft\"><img loading=\"lazy\" decoding=\"async\" class=\"wp-image-881\" src=\"https:\/\/profil-netzwerkverein.de\/wp-content\/uploads\/2025\/03\/Steffi-Pohl-230x300.jpg\" alt=\"\" width=\"202\" height=\"263\" srcset=\"https:\/\/profil-netzwerkverein.de\/wp-content\/uploads\/2025\/03\/Steffi-Pohl-230x300.jpg 230w, https:\/\/profil-netzwerkverein.de\/wp-content\/uploads\/2025\/03\/Steffi-Pohl-785x1024.jpg 785w, https:\/\/profil-netzwerkverein.de\/wp-content\/uploads\/2025\/03\/Steffi-Pohl-768x1001.jpg 768w, https:\/\/profil-netzwerkverein.de\/wp-content\/uploads\/2025\/03\/Steffi-Pohl-1178x1536.jpg 1178w, https:\/\/profil-netzwerkverein.de\/wp-content\/uploads\/2025\/03\/Steffi-Pohl-1571x2048.jpg 1571w, https:\/\/profil-netzwerkverein.de\/wp-content\/uploads\/2025\/03\/Steffi-Pohl-scaled.jpg 1964w\" sizes=\"auto, (max-width: 202px) 100vw, 202px\" \/><figcaption id=\"caption-attachment-881\" class=\"wp-caption-text\">\u00a9 Mandy Simon<\/figcaption><\/figure>\n<p><strong>Chairwoman of the Board<\/strong><br \/>\nProf. Dr. Steffi Pohl<br \/>\nInstitut f\u00fcr Psychologie<br \/>\nFreie Universit\u00e4t Berlin<\/p>\n<\/div>\n<div style=\"clear: both;\">\n<figure id=\"attachment_193\" aria-describedby=\"caption-attachment-193\" style=\"width: 207px\" class=\"wp-caption alignleft\"><img loading=\"lazy\" decoding=\"async\" class=\"wp-image-193\" src=\"https:\/\/profil-netzwerkverein.de\/wp-content\/uploads\/2018\/02\/jansen-205x300.png\" alt=\"\" width=\"207\" height=\"303\" srcset=\"https:\/\/profil-netzwerkverein.de\/wp-content\/uploads\/2018\/02\/jansen-205x300.png 205w, https:\/\/profil-netzwerkverein.de\/wp-content\/uploads\/2018\/02\/jansen.png 230w\" sizes=\"auto, (max-width: 207px) 100vw, 207px\" \/><figcaption id=\"caption-attachment-193\" class=\"wp-caption-text\">\u00a9 Michael Fahrig<\/figcaption><\/figure>\n<p><strong>Deputy Chairwoman of the Board<\/strong><br \/>\nDorothea Jansen<br \/>\nProFiL-Programme<br \/>\nTechnical University of Berlin<\/p>\n<\/div>\n<div style=\"clear: both;\">\n<figure id=\"attachment_891\" aria-describedby=\"caption-attachment-891\" style=\"width: 204px\" class=\"wp-caption alignleft\"><img loading=\"lazy\" decoding=\"async\" class=\"wp-image-891\" src=\"https:\/\/profil-netzwerkverein.de\/wp-content\/uploads\/2025\/03\/Jennifer-Schoen-Portrait-227x300.jpg\" alt=\"\" width=\"204\" height=\"270\" srcset=\"https:\/\/profil-netzwerkverein.de\/wp-content\/uploads\/2025\/03\/Jennifer-Schoen-Portrait-227x300.jpg 227w, https:\/\/profil-netzwerkverein.de\/wp-content\/uploads\/2025\/03\/Jennifer-Schoen-Portrait-774x1024.jpg 774w, https:\/\/profil-netzwerkverein.de\/wp-content\/uploads\/2025\/03\/Jennifer-Schoen-Portrait-768x1016.jpg 768w, https:\/\/profil-netzwerkverein.de\/wp-content\/uploads\/2025\/03\/Jennifer-Schoen-Portrait-1161x1536.jpg 1161w, https:\/\/profil-netzwerkverein.de\/wp-content\/uploads\/2025\/03\/Jennifer-Schoen-Portrait-1549x2048.jpg 1549w, https:\/\/profil-netzwerkverein.de\/wp-content\/uploads\/2025\/03\/Jennifer-Schoen-Portrait-scaled.jpg 1936w\" sizes=\"auto, (max-width: 204px) 100vw, 204px\" \/><figcaption id=\"caption-attachment-891\" class=\"wp-caption-text\">\u00a9 Jennifer Sch\u00f6n<\/figcaption><\/figure>\n<p><strong>Treasurer<\/strong><br \/>\nProf. Dr. Jennifer Sch\u00f6n<br \/>\nInstitut f\u00fcr Biotechnologie<br \/>\nTechnische Universit\u00e4t Berlin \/<br \/>\nLeibniz Institut f\u00fcr Zoo- und Wildtierforschung<br \/>\nAbteilung f\u00fcr Reproduktionsbiologie<\/p>\n<\/div>\n<div style=\"clear: both;\">\n<figure id=\"attachment_884\" aria-describedby=\"caption-attachment-884\" style=\"width: 205px\" class=\"wp-caption alignleft\"><img loading=\"lazy\" decoding=\"async\" class=\"wp-image-884\" src=\"https:\/\/profil-netzwerkverein.de\/wp-content\/uploads\/2025\/03\/Daniela-Mahler-1-242x300.jpg\" alt=\"\" width=\"205\" height=\"255\" srcset=\"https:\/\/profil-netzwerkverein.de\/wp-content\/uploads\/2025\/03\/Daniela-Mahler-1-242x300.jpg 242w, https:\/\/profil-netzwerkverein.de\/wp-content\/uploads\/2025\/03\/Daniela-Mahler-1-825x1024.jpg 825w, https:\/\/profil-netzwerkverein.de\/wp-content\/uploads\/2025\/03\/Daniela-Mahler-1-768x953.jpg 768w, https:\/\/profil-netzwerkverein.de\/wp-content\/uploads\/2025\/03\/Daniela-Mahler-1-1238x1536.jpg 1238w, https:\/\/profil-netzwerkverein.de\/wp-content\/uploads\/2025\/03\/Daniela-Mahler-1-1650x2048.jpg 1650w\" sizes=\"auto, (max-width: 205px) 100vw, 205px\" \/><figcaption id=\"caption-attachment-884\" class=\"wp-caption-text\">\u00a9 Carolin Ohlendorf<\/figcaption><\/figure>\n<p><strong>Deputy Treasurer<\/strong><br \/>\nProf. Dr. Daniela Mahler<br \/>\nInstitut f\u00fcr Biologie<br \/>\nFreie Universit\u00e4t Berlin<\/p>\n<\/div>\n<div style=\"clear: both;\">\n<figure id=\"attachment_883\" aria-describedby=\"caption-attachment-883\" style=\"width: 207px\" class=\"wp-caption alignleft\"><img loading=\"lazy\" decoding=\"async\" class=\"wp-image-883\" src=\"https:\/\/profil-netzwerkverein.de\/wp-content\/uploads\/2025\/03\/Jonna-Blanck-1.jpg\" alt=\"\" width=\"207\" height=\"251\" \/><figcaption id=\"caption-attachment-883\" class=\"wp-caption-text\">\u00a9 David Ausserhofer<\/figcaption><\/figure>\n<p><strong>Executive Secretary<\/strong><br \/>\nProf. Dr. Jonna M. Blanck<br \/>\nInstitut f\u00fcr Rehabilitationswissenschaften<br \/>\nHumboldt-Universit\u00e4t Berlin<\/p>\n<\/div>\n<div style=\"clear: both;\">\n<figure id=\"attachment_1000\" aria-describedby=\"caption-attachment-1000\" style=\"width: 199px\" class=\"wp-caption alignleft\"><img loading=\"lazy\" decoding=\"async\" class=\"wp-image-1000\" src=\"https:\/\/profil-netzwerkverein.de\/wp-content\/uploads\/2026\/01\/Nadine-Bernhard_c_Fraeulein-Fotograf-283x300.jpg\" alt=\"\" width=\"199\" height=\"211\" \/><figcaption id=\"caption-attachment-1000\" class=\"wp-caption-text\">\u00a9 Fr\u00e4ulein Fotograf<\/figcaption><\/figure>\n<p><strong>Member of the Board<\/strong><br \/>\nProf. Dr. Nadine Bernhard<br \/>\nInstitut f\u00fcr Erziehungswissenschaft<br \/>\nTechnische Universit\u00e4t Berlin<\/p>\n<\/div>\n<div style=\"clear: both;\">\n<figure id=\"attachment_1001\" aria-describedby=\"caption-attachment-1001\" style=\"width: 199px\" class=\"wp-caption alignleft\"><img loading=\"lazy\" decoding=\"async\" class=\"wp-image-1001 \" src=\"https:\/\/profil-netzwerkverein.de\/wp-content\/uploads\/2026\/01\/S-250918_LeaBraun_010_c_Lidia-Tirri-e1767890082801-248x300.jpg\" alt=\"\" width=\"199\" height=\"241\" srcset=\"https:\/\/profil-netzwerkverein.de\/wp-content\/uploads\/2026\/01\/S-250918_LeaBraun_010_c_Lidia-Tirri-e1767890082801-248x300.jpg 248w, https:\/\/profil-netzwerkverein.de\/wp-content\/uploads\/2026\/01\/S-250918_LeaBraun_010_c_Lidia-Tirri-e1767890082801.jpg 347w\" sizes=\"auto, (max-width: 199px) 100vw, 199px\" \/><figcaption id=\"caption-attachment-1001\" class=\"wp-caption-text\">\u00a9 Lidia Tirri<\/figcaption><\/figure>\n<p><strong>Member of the Board<\/strong><br \/>\nDr. Lea Braun<br \/>\nInstitut f\u00fcr deutsche Literatur<br \/>\nHumboldt-Universit\u00e4t zu Berlin<\/p>\n<\/div>\n","protected":false},"excerpt":{"rendered":"<p>Chairwoman of the Board Prof. Dr. Steffi Pohl Institut f\u00fcr Psychologie Freie Universit\u00e4t Berlin Deputy Chairwoman of the Board Dorothea Jansen ProFiL-Programme Technical University of Berlin Treasurer Prof. Dr. Jennifer Sch\u00f6n Institut f\u00fcr Biotechnologie Technische Universit\u00e4t Berlin \/ Leibniz Institut f\u00fcr Zoo- und Wildtierforschung Abteilung f\u00fcr Reproduktionsbiologie Deputy Treasurer Prof. Dr. Daniela Mahler Institut f\u00fcr&hellip; <\/p>\n","protected":false},"author":1,"featured_media":0,"parent":0,"menu_order":0,"comment_status":"closed","ping_status":"closed","template":"","meta":{"footnotes":""},"class_list":["post-25","page","type-page","status-publish","hentry"],"translation":{"provider":"WPGlobus","version":"3.0.2","language":"en","enabled_languages":["de","en"],"languages":{"de":{"title":true,"content":true,"excerpt":false},"en":{"title":true,"content":true,"excerpt":false}}},"yoast_head":"<!-- This site is optimized with the Yoast SEO plugin v27.1.1 - https:\/\/yoast.com\/product\/yoast-seo-wordpress\/ -->\n<title>Board - ProFil-Netzwerkverein Board<\/title>\n<meta name=\"robots\" content=\"index, follow, max-snippet:-1, max-image-preview:large, max-video-preview:-1\" \/>\n<link rel=\"canonical\" href=\"https:\/\/profil-netzwerkverein.de\/vorstand\/\" \/>\n<meta name=\"twitter:label1\" content=\"Est. reading time\" \/>\n\t<meta name=\"twitter:data1\" content=\"3 minutes\" \/>\n<script type=\"application\/ld+json\" class=\"yoast-schema-graph\">{\"@context\":\"https:\/\/schema.org\",\"@graph\":[{\"@type\":\"WebPage\",\"@id\":\"https:\/\/profil-netzwerkverein.de\/vorstand\/\",\"url\":\"https:\/\/profil-netzwerkverein.de\/vorstand\/\",\"name\":\"Board - ProFil-Netzwerkverein Board\",\"isPartOf\":{\"@id\":\"https:\/\/profil-netzwerkverein.de\/#website\"},\"primaryImageOfPage\":{\"@id\":\"https:\/\/profil-netzwerkverein.de\/vorstand\/#primaryimage\"},\"image\":{\"@id\":\"https:\/\/profil-netzwerkverein.de\/vorstand\/#primaryimage\"},\"thumbnailUrl\":\"https:\/\/profil-netzwerkverein.de\/wp-content\/uploads\/2026\/01\/Steffi-Pohl-1-230x300.jpg\",\"datePublished\":\"2017-11-24T10:09:53+00:00\",\"dateModified\":\"2026-01-08T16:38:50+00:00\",\"breadcrumb\":{\"@id\":\"https:\/\/profil-netzwerkverein.de\/vorstand\/#breadcrumb\"},\"inLanguage\":\"en-US\",\"potentialAction\":[{\"@type\":\"ReadAction\",\"target\":[\"https:\/\/profil-netzwerkverein.de\/vorstand\/\"]}]},{\"@type\":\"ImageObject\",\"inLanguage\":\"en-US\",\"@id\":\"https:\/\/profil-netzwerkverein.de\/vorstand\/#primaryimage\",\"url\":\"https:\/\/profil-netzwerkverein.de\/wp-content\/uploads\/2026\/01\/Steffi-Pohl-1-230x300.jpg\",\"contentUrl\":\"https:\/\/profil-netzwerkverein.de\/wp-content\/uploads\/2026\/01\/Steffi-Pohl-1-230x300.jpg\"},{\"@type\":\"BreadcrumbList\",\"@id\":\"https:\/\/profil-netzwerkverein.de\/vorstand\/#breadcrumb\",\"itemListElement\":[{\"@type\":\"ListItem\",\"position\":1,\"name\":\"Startseite\",\"item\":\"https:\/\/profil-netzwerkverein.de\/\"},{\"@type\":\"ListItem\",\"position\":2,\"name\":\"Vorstand\"}]},{\"@type\":\"WebSite\",\"@id\":\"https:\/\/profil-netzwerkverein.de\/#website\",\"url\":\"https:\/\/profil-netzwerkverein.de\/\",\"name\":\"ProFil-Netzwerkverein\",\"description\":\"zur F\u00f6rderung einer exzellenz- und gleichstellungsorientierten F\u00fchrungskr\u00e4fteentwicklung in der Wissenschaft e.V.\",\"publisher\":{\"@id\":\"https:\/\/profil-netzwerkverein.de\/#organization\"},\"potentialAction\":[{\"@type\":\"SearchAction\",\"target\":{\"@type\":\"EntryPoint\",\"urlTemplate\":\"https:\/\/profil-netzwerkverein.de\/?s={search_term_string}\"},\"query-input\":{\"@type\":\"PropertyValueSpecification\",\"valueRequired\":true,\"valueName\":\"search_term_string\"}}],\"inLanguage\":\"en-US\"},{\"@type\":\"Organization\",\"@id\":\"https:\/\/profil-netzwerkverein.de\/#organization\",\"name\":\"ProFiL-Netzwerkverein e. V.\",\"url\":\"https:\/\/profil-netzwerkverein.de\/\",\"logo\":{\"@type\":\"ImageObject\",\"inLanguage\":\"en-US\",\"@id\":\"https:\/\/profil-netzwerkverein.de\/#\/schema\/logo\/image\/\",\"url\":\"https:\/\/profil-netzwerkverein.de\/wp-content\/uploads\/2018\/02\/Logo_ProFiL_version1.1.png\",\"contentUrl\":\"https:\/\/profil-netzwerkverein.de\/wp-content\/uploads\/2018\/02\/Logo_ProFiL_version1.1.png\",\"width\":2000,\"height\":589,\"caption\":\"ProFiL-Netzwerkverein e. V.\"},\"image\":{\"@id\":\"https:\/\/profil-netzwerkverein.de\/#\/schema\/logo\/image\/\"}}]}<\/script>\n<!-- \/ Yoast SEO plugin. -->","yoast_head_json":{"title":"Board - ProFil-Netzwerkverein Board","robots":{"index":"index","follow":"follow","max-snippet":"max-snippet:-1","max-image-preview":"max-image-preview:large","max-video-preview":"max-video-preview:-1"},"canonical":"https:\/\/profil-netzwerkverein.de\/vorstand\/","twitter_misc":{"Est. reading time":"3 minutes"},"schema":{"@context":"https:\/\/schema.org","@graph":[{"@type":"WebPage","@id":"https:\/\/profil-netzwerkverein.de\/vorstand\/","url":"https:\/\/profil-netzwerkverein.de\/vorstand\/","name":"Board - ProFil-Netzwerkverein Board","isPartOf":{"@id":"https:\/\/profil-netzwerkverein.de\/#website"},"primaryImageOfPage":{"@id":"https:\/\/profil-netzwerkverein.de\/vorstand\/#primaryimage"},"image":{"@id":"https:\/\/profil-netzwerkverein.de\/vorstand\/#primaryimage"},"thumbnailUrl":"https:\/\/profil-netzwerkverein.de\/wp-content\/uploads\/2026\/01\/Steffi-Pohl-1-230x300.jpg","datePublished":"2017-11-24T10:09:53+00:00","dateModified":"2026-01-08T16:38:50+00:00","breadcrumb":{"@id":"https:\/\/profil-netzwerkverein.de\/vorstand\/#breadcrumb"},"inLanguage":"en-US","potentialAction":[{"@type":"ReadAction","target":["https:\/\/profil-netzwerkverein.de\/vorstand\/"]}]},{"@type":"ImageObject","inLanguage":"en-US","@id":"https:\/\/profil-netzwerkverein.de\/vorstand\/#primaryimage","url":"https:\/\/profil-netzwerkverein.de\/wp-content\/uploads\/2026\/01\/Steffi-Pohl-1-230x300.jpg","contentUrl":"https:\/\/profil-netzwerkverein.de\/wp-content\/uploads\/2026\/01\/Steffi-Pohl-1-230x300.jpg"},{"@type":"BreadcrumbList","@id":"https:\/\/profil-netzwerkverein.de\/vorstand\/#breadcrumb","itemListElement":[{"@type":"ListItem","position":1,"name":"Startseite","item":"https:\/\/profil-netzwerkverein.de\/"},{"@type":"ListItem","position":2,"name":"Vorstand"}]},{"@type":"WebSite","@id":"https:\/\/profil-netzwerkverein.de\/#website","url":"https:\/\/profil-netzwerkverein.de\/","name":"ProFil-Netzwerkverein","description":"zur F\u00f6rderung einer exzellenz- und gleichstellungsorientierten F\u00fchrungskr\u00e4fteentwicklung in der Wissenschaft e.V.","publisher":{"@id":"https:\/\/profil-netzwerkverein.de\/#organization"},"potentialAction":[{"@type":"SearchAction","target":{"@type":"EntryPoint","urlTemplate":"https:\/\/profil-netzwerkverein.de\/?s={search_term_string}"},"query-input":{"@type":"PropertyValueSpecification","valueRequired":true,"valueName":"search_term_string"}}],"inLanguage":"en-US"},{"@type":"Organization","@id":"https:\/\/profil-netzwerkverein.de\/#organization","name":"ProFiL-Netzwerkverein e. V.","url":"https:\/\/profil-netzwerkverein.de\/","logo":{"@type":"ImageObject","inLanguage":"en-US","@id":"https:\/\/profil-netzwerkverein.de\/#\/schema\/logo\/image\/","url":"https:\/\/profil-netzwerkverein.de\/wp-content\/uploads\/2018\/02\/Logo_ProFiL_version1.1.png","contentUrl":"https:\/\/profil-netzwerkverein.de\/wp-content\/uploads\/2018\/02\/Logo_ProFiL_version1.1.png","width":2000,"height":589,"caption":"ProFiL-Netzwerkverein e. V."},"image":{"@id":"https:\/\/profil-netzwerkverein.de\/#\/schema\/logo\/image\/"}}]}},"_links":{"self":[{"href":"https:\/\/profil-netzwerkverein.de\/en\/wp-json\/wp\/v2\/pages\/25","targetHints":{"allow":["GET"]}}],"collection":[{"href":"https:\/\/profil-netzwerkverein.de\/en\/wp-json\/wp\/v2\/pages"}],"about":[{"href":"https:\/\/profil-netzwerkverein.de\/en\/wp-json\/wp\/v2\/types\/page"}],"author":[{"embeddable":true,"href":"https:\/\/profil-netzwerkverein.de\/en\/wp-json\/wp\/v2\/users\/1"}],"replies":[{"embeddable":true,"href":"https:\/\/profil-netzwerkverein.de\/en\/wp-json\/wp\/v2\/comments?post=25"}],"version-history":[{"count":48,"href":"https:\/\/profil-netzwerkverein.de\/en\/wp-json\/wp\/v2\/pages\/25\/revisions"}],"predecessor-version":[{"id":1003,"href":"https:\/\/profil-netzwerkverein.de\/en\/wp-json\/wp\/v2\/pages\/25\/revisions\/1003"}],"wp:attachment":[{"href":"https:\/\/profil-netzwerkverein.de\/en\/wp-json\/wp\/v2\/media?parent=25"}],"curies":[{"name":"wp","href":"https:\/\/api.w.org\/{rel}","templated":true}]}}