{"id":23,"date":"2017-11-24T11:09:37","date_gmt":"2017-11-24T10:09:37","guid":{"rendered":"http:\/\/dev.alexpetrusdev.de\/?page_id=23"},"modified":"2025-05-26T10:35:53","modified_gmt":"2025-05-26T08:35:53","slug":"spenden","status":"publish","type":"page","link":"https:\/\/profil-netzwerkverein.de\/en\/spenden\/","title":{"rendered":"Donations"},"content":{"rendered":"<p class=\"p1\">We promote and support excellent women in (prospective) executive positions in science. Our task is the sustainable development of the consulting and support services established in the ProFiL Programme. This includes, for example, the organisation of workshops for the development of (inter-)disciplinary cooperation in research or the organisation of workshops for the further development of leadership competencies.<\/p>\n<p class=\"p1\">Your donation will support this goal!<\/p>\n<p class=\"p1\">Donated amounts are tax deductible. For amounts up to 50,- Euro, please use the transfer or payment receipt; for amounts above 50,- Euro we will automatically send you a donation receipt.<\/p>\n<p class=\"p1\">Donations account:<br \/>\nProFiL Netzwerkverein zur F\u00f6rderung einer exzellenz- und gleichstellungsorientierten F\u00fchrungskr\u00e4fteentwicklung in der Wissenschaft e. V.<br \/>\nIBAN: DE98 1005 0000 0190 3675 80<br \/>\nBIC: BELADEBEXXX<br \/>\nBank: Berliner Sparkasse<\/p>\n","protected":false},"excerpt":{"rendered":"<p>We promote and support excellent women in (prospective) executive positions in science. Our task is the sustainable development of the consulting and support services established in the ProFiL Programme. This includes, for example, the organisation of workshops for the development of (inter-)disciplinary cooperation in research or the organisation of workshops for the further development of&hellip; <\/p>\n","protected":false},"author":1,"featured_media":0,"parent":0,"menu_order":0,"comment_status":"closed","ping_status":"closed","template":"","meta":{"footnotes":""},"class_list":["post-23","page","type-page","status-publish","hentry"],"translation":{"provider":"WPGlobus","version":"3.0.2","language":"en","enabled_languages":["de","en"],"languages":{"de":{"title":true,"content":true,"excerpt":false},"en":{"title":true,"content":true,"excerpt":false}}},"yoast_head":"<!-- This site is optimized with the Yoast SEO plugin v27.1.1 - https:\/\/yoast.com\/product\/yoast-seo-wordpress\/ -->\n<title>Donations - ProFil-Netzwerkverein<\/title>\n<meta name=\"robots\" content=\"index, follow, max-snippet:-1, max-image-preview:large, max-video-preview:-1\" \/>\n<link rel=\"canonical\" href=\"https:\/\/profil-netzwerkverein.de\/spenden\/\" \/>\n<meta name=\"twitter:label1\" content=\"Est. reading time\" \/>\n\t<meta name=\"twitter:data1\" content=\"1 minute\" \/>\n<script type=\"application\/ld+json\" class=\"yoast-schema-graph\">{\"@context\":\"https:\/\/schema.org\",\"@graph\":[{\"@type\":\"WebPage\",\"@id\":\"https:\/\/profil-netzwerkverein.de\/spenden\/\",\"url\":\"https:\/\/profil-netzwerkverein.de\/spenden\/\",\"name\":\"Donations - ProFil-Netzwerkverein\",\"isPartOf\":{\"@id\":\"https:\/\/profil-netzwerkverein.de\/#website\"},\"datePublished\":\"2017-11-24T10:09:37+00:00\",\"dateModified\":\"2025-05-26T08:35:53+00:00\",\"breadcrumb\":{\"@id\":\"https:\/\/profil-netzwerkverein.de\/spenden\/#breadcrumb\"},\"inLanguage\":\"en-US\",\"potentialAction\":[{\"@type\":\"ReadAction\",\"target\":[\"https:\/\/profil-netzwerkverein.de\/spenden\/\"]}]},{\"@type\":\"BreadcrumbList\",\"@id\":\"https:\/\/profil-netzwerkverein.de\/spenden\/#breadcrumb\",\"itemListElement\":[{\"@type\":\"ListItem\",\"position\":1,\"name\":\"Startseite\",\"item\":\"https:\/\/profil-netzwerkverein.de\/\"},{\"@type\":\"ListItem\",\"position\":2,\"name\":\"Spenden\"}]},{\"@type\":\"WebSite\",\"@id\":\"https:\/\/profil-netzwerkverein.de\/#website\",\"url\":\"https:\/\/profil-netzwerkverein.de\/\",\"name\":\"ProFil-Netzwerkverein\",\"description\":\"zur F\u00f6rderung einer exzellenz- und gleichstellungsorientierten F\u00fchrungskr\u00e4fteentwicklung in der Wissenschaft e.V.\",\"publisher\":{\"@id\":\"https:\/\/profil-netzwerkverein.de\/#organization\"},\"potentialAction\":[{\"@type\":\"SearchAction\",\"target\":{\"@type\":\"EntryPoint\",\"urlTemplate\":\"https:\/\/profil-netzwerkverein.de\/?s={search_term_string}\"},\"query-input\":{\"@type\":\"PropertyValueSpecification\",\"valueRequired\":true,\"valueName\":\"search_term_string\"}}],\"inLanguage\":\"en-US\"},{\"@type\":\"Organization\",\"@id\":\"https:\/\/profil-netzwerkverein.de\/#organization\",\"name\":\"ProFiL-Netzwerkverein e. V.\",\"url\":\"https:\/\/profil-netzwerkverein.de\/\",\"logo\":{\"@type\":\"ImageObject\",\"inLanguage\":\"en-US\",\"@id\":\"https:\/\/profil-netzwerkverein.de\/#\/schema\/logo\/image\/\",\"url\":\"https:\/\/profil-netzwerkverein.de\/wp-content\/uploads\/2018\/02\/Logo_ProFiL_version1.1.png\",\"contentUrl\":\"https:\/\/profil-netzwerkverein.de\/wp-content\/uploads\/2018\/02\/Logo_ProFiL_version1.1.png\",\"width\":2000,\"height\":589,\"caption\":\"ProFiL-Netzwerkverein e. V.\"},\"image\":{\"@id\":\"https:\/\/profil-netzwerkverein.de\/#\/schema\/logo\/image\/\"}}]}<\/script>\n<!-- \/ Yoast SEO plugin. -->","yoast_head_json":{"title":"Donations - ProFil-Netzwerkverein","robots":{"index":"index","follow":"follow","max-snippet":"max-snippet:-1","max-image-preview":"max-image-preview:large","max-video-preview":"max-video-preview:-1"},"canonical":"https:\/\/profil-netzwerkverein.de\/spenden\/","twitter_misc":{"Est. reading time":"1 minute"},"schema":{"@context":"https:\/\/schema.org","@graph":[{"@type":"WebPage","@id":"https:\/\/profil-netzwerkverein.de\/spenden\/","url":"https:\/\/profil-netzwerkverein.de\/spenden\/","name":"Donations - ProFil-Netzwerkverein","isPartOf":{"@id":"https:\/\/profil-netzwerkverein.de\/#website"},"datePublished":"2017-11-24T10:09:37+00:00","dateModified":"2025-05-26T08:35:53+00:00","breadcrumb":{"@id":"https:\/\/profil-netzwerkverein.de\/spenden\/#breadcrumb"},"inLanguage":"en-US","potentialAction":[{"@type":"ReadAction","target":["https:\/\/profil-netzwerkverein.de\/spenden\/"]}]},{"@type":"BreadcrumbList","@id":"https:\/\/profil-netzwerkverein.de\/spenden\/#breadcrumb","itemListElement":[{"@type":"ListItem","position":1,"name":"Startseite","item":"https:\/\/profil-netzwerkverein.de\/"},{"@type":"ListItem","position":2,"name":"Spenden"}]},{"@type":"WebSite","@id":"https:\/\/profil-netzwerkverein.de\/#website","url":"https:\/\/profil-netzwerkverein.de\/","name":"ProFil-Netzwerkverein","description":"zur F\u00f6rderung einer exzellenz- und gleichstellungsorientierten F\u00fchrungskr\u00e4fteentwicklung in der Wissenschaft e.V.","publisher":{"@id":"https:\/\/profil-netzwerkverein.de\/#organization"},"potentialAction":[{"@type":"SearchAction","target":{"@type":"EntryPoint","urlTemplate":"https:\/\/profil-netzwerkverein.de\/?s={search_term_string}"},"query-input":{"@type":"PropertyValueSpecification","valueRequired":true,"valueName":"search_term_string"}}],"inLanguage":"en-US"},{"@type":"Organization","@id":"https:\/\/profil-netzwerkverein.de\/#organization","name":"ProFiL-Netzwerkverein e. V.","url":"https:\/\/profil-netzwerkverein.de\/","logo":{"@type":"ImageObject","inLanguage":"en-US","@id":"https:\/\/profil-netzwerkverein.de\/#\/schema\/logo\/image\/","url":"https:\/\/profil-netzwerkverein.de\/wp-content\/uploads\/2018\/02\/Logo_ProFiL_version1.1.png","contentUrl":"https:\/\/profil-netzwerkverein.de\/wp-content\/uploads\/2018\/02\/Logo_ProFiL_version1.1.png","width":2000,"height":589,"caption":"ProFiL-Netzwerkverein e. V."},"image":{"@id":"https:\/\/profil-netzwerkverein.de\/#\/schema\/logo\/image\/"}}]}},"_links":{"self":[{"href":"https:\/\/profil-netzwerkverein.de\/en\/wp-json\/wp\/v2\/pages\/23","targetHints":{"allow":["GET"]}}],"collection":[{"href":"https:\/\/profil-netzwerkverein.de\/en\/wp-json\/wp\/v2\/pages"}],"about":[{"href":"https:\/\/profil-netzwerkverein.de\/en\/wp-json\/wp\/v2\/types\/page"}],"author":[{"embeddable":true,"href":"https:\/\/profil-netzwerkverein.de\/en\/wp-json\/wp\/v2\/users\/1"}],"replies":[{"embeddable":true,"href":"https:\/\/profil-netzwerkverein.de\/en\/wp-json\/wp\/v2\/comments?post=23"}],"version-history":[{"count":7,"href":"https:\/\/profil-netzwerkverein.de\/en\/wp-json\/wp\/v2\/pages\/23\/revisions"}],"predecessor-version":[{"id":969,"href":"https:\/\/profil-netzwerkverein.de\/en\/wp-json\/wp\/v2\/pages\/23\/revisions\/969"}],"wp:attachment":[{"href":"https:\/\/profil-netzwerkverein.de\/en\/wp-json\/wp\/v2\/media?parent=23"}],"curies":[{"name":"wp","href":"https:\/\/api.w.org\/{rel}","templated":true}]}}