{"id":2,"date":"2017-11-24T10:47:25","date_gmt":"2017-11-24T09:47:25","guid":{"rendered":"http:\/\/dev.alexpetrusdev.de\/?page_id=2"},"modified":"2025-07-03T17:00:25","modified_gmt":"2025-07-03T15:00:25","slug":"https-profil-netzwerkverein-de","status":"publish","type":"page","link":"https:\/\/profil-netzwerkverein.de\/en\/","title":{"rendered":"Home"},"content":{"rendered":"<p class=\"p1\">The ProFiL Netzwerkverein e. V. is a non-profit organisation promoting gender equality in science and equal participation of women in professorships and other scientific leadership positions.<\/p>\n<p class=\"p1\">The aim is to contribute to the development of a non-discriminatory scientific culture and to raise awareness for the compatibility of work and family in science. In this respect, the association is committed to excellence- and equality oriented leadership development in science.<\/p>\n<p class=\"p1\">The ProFiL Netzwerkverein e. V. was founded in 2013 by participants and the head of the Berlin <a href=\"https:\/\/www.berlin-university-alliance.de\/en\/profil-programm\/index.html\" target=\"_blank\" rel=\"noopener\">ProFiL Programme<\/a> in order to sustainably secure and further develop the successfully established consulting and support structures and the large performance potential of the ProFiL Network.<\/p>\n<p class=\"p1\">Prerequisites for membership in the ProFiL Netzwerkverein e. V. are the willingness to support the goals of the association and past, current or future participation in the ProFiL Programme.<\/p>\n","protected":false},"excerpt":{"rendered":"<p>The ProFiL Netzwerkverein e. V. is a non-profit organisation promoting gender equality in science and equal participation of women in professorships and other scientific leadership positions. The aim is to contribute to the development of a non-discriminatory scientific culture and to raise awareness for the compatibility of work and family in science. In this respect,&hellip; <\/p>\n","protected":false},"author":1,"featured_media":0,"parent":0,"menu_order":0,"comment_status":"closed","ping_status":"open","template":"","meta":{"footnotes":""},"class_list":["post-2","page","type-page","status-publish","hentry"],"translation":{"provider":"WPGlobus","version":"3.0.2","language":"en","enabled_languages":["de","en"],"languages":{"de":{"title":true,"content":true,"excerpt":false},"en":{"title":true,"content":true,"excerpt":false}}},"yoast_head":"<!-- This site is optimized with the Yoast SEO plugin v27.1.1 - https:\/\/yoast.com\/product\/yoast-seo-wordpress\/ -->\n<title>Home - ProFil-Netzwerkverein<\/title>\n<meta name=\"robots\" content=\"index, follow, max-snippet:-1, max-image-preview:large, max-video-preview:-1\" \/>\n<link rel=\"canonical\" href=\"https:\/\/profil-netzwerkverein.de\/\" \/>\n<meta name=\"twitter:label1\" content=\"Est. reading time\" \/>\n\t<meta name=\"twitter:data1\" content=\"1 minute\" \/>\n<script type=\"application\/ld+json\" class=\"yoast-schema-graph\">{\"@context\":\"https:\/\/schema.org\",\"@graph\":[{\"@type\":\"WebPage\",\"@id\":\"https:\/\/profil-netzwerkverein.de\/\",\"url\":\"https:\/\/profil-netzwerkverein.de\/\",\"name\":\"Home - ProFil-Netzwerkverein\",\"isPartOf\":{\"@id\":\"https:\/\/profil-netzwerkverein.de\/#website\"},\"datePublished\":\"2017-11-24T09:47:25+00:00\",\"dateModified\":\"2025-07-03T15:00:25+00:00\",\"description\":\"Der ProFiL-Netzwerkverein f\u00f6rdert als gemeinn\u00fctziger Verein die Geschlechtergleichstellung in der Wissenschaft und eine gleichberechtigte Teilhabe von Frauen an Professuren und anderen wissenschaftlichen F\u00fchrungspositionen.\",\"breadcrumb\":{\"@id\":\"https:\/\/profil-netzwerkverein.de\/#breadcrumb\"},\"inLanguage\":\"en-US\",\"potentialAction\":[{\"@type\":\"ReadAction\",\"target\":[\"https:\/\/profil-netzwerkverein.de\/\"]}]},{\"@type\":\"BreadcrumbList\",\"@id\":\"https:\/\/profil-netzwerkverein.de\/#breadcrumb\",\"itemListElement\":[{\"@type\":\"ListItem\",\"position\":1,\"name\":\"Startseite\",\"item\":\"https:\/\/profil-netzwerkverein.de\/\"},{\"@type\":\"ListItem\",\"position\":2,\"name\":\"Home\"}]},{\"@type\":\"WebSite\",\"@id\":\"https:\/\/profil-netzwerkverein.de\/#website\",\"url\":\"https:\/\/profil-netzwerkverein.de\/\",\"name\":\"ProFil-Netzwerkverein\",\"description\":\"zur F\u00f6rderung einer exzellenz- und gleichstellungsorientierten F\u00fchrungskr\u00e4fteentwicklung in der Wissenschaft e.V.\",\"publisher\":{\"@id\":\"https:\/\/profil-netzwerkverein.de\/#organization\"},\"potentialAction\":[{\"@type\":\"SearchAction\",\"target\":{\"@type\":\"EntryPoint\",\"urlTemplate\":\"https:\/\/profil-netzwerkverein.de\/?s={search_term_string}\"},\"query-input\":{\"@type\":\"PropertyValueSpecification\",\"valueRequired\":true,\"valueName\":\"search_term_string\"}}],\"inLanguage\":\"en-US\"},{\"@type\":\"Organization\",\"@id\":\"https:\/\/profil-netzwerkverein.de\/#organization\",\"name\":\"ProFiL-Netzwerkverein e. V.\",\"url\":\"https:\/\/profil-netzwerkverein.de\/\",\"logo\":{\"@type\":\"ImageObject\",\"inLanguage\":\"en-US\",\"@id\":\"https:\/\/profil-netzwerkverein.de\/#\/schema\/logo\/image\/\",\"url\":\"https:\/\/profil-netzwerkverein.de\/wp-content\/uploads\/2018\/02\/Logo_ProFiL_version1.1.png\",\"contentUrl\":\"https:\/\/profil-netzwerkverein.de\/wp-content\/uploads\/2018\/02\/Logo_ProFiL_version1.1.png\",\"width\":2000,\"height\":589,\"caption\":\"ProFiL-Netzwerkverein e. V.\"},\"image\":{\"@id\":\"https:\/\/profil-netzwerkverein.de\/#\/schema\/logo\/image\/\"}}]}<\/script>\n<!-- \/ Yoast SEO plugin. -->","yoast_head_json":{"title":"Home - ProFil-Netzwerkverein","robots":{"index":"index","follow":"follow","max-snippet":"max-snippet:-1","max-image-preview":"max-image-preview:large","max-video-preview":"max-video-preview:-1"},"canonical":"https:\/\/profil-netzwerkverein.de\/","twitter_misc":{"Est. reading time":"1 minute"},"schema":{"@context":"https:\/\/schema.org","@graph":[{"@type":"WebPage","@id":"https:\/\/profil-netzwerkverein.de\/","url":"https:\/\/profil-netzwerkverein.de\/","name":"Home - ProFil-Netzwerkverein","isPartOf":{"@id":"https:\/\/profil-netzwerkverein.de\/#website"},"datePublished":"2017-11-24T09:47:25+00:00","dateModified":"2025-07-03T15:00:25+00:00","description":"Der ProFiL-Netzwerkverein f\u00f6rdert als gemeinn\u00fctziger Verein die Geschlechtergleichstellung in der Wissenschaft und eine gleichberechtigte Teilhabe von Frauen an Professuren und anderen wissenschaftlichen F\u00fchrungspositionen.","breadcrumb":{"@id":"https:\/\/profil-netzwerkverein.de\/#breadcrumb"},"inLanguage":"en-US","potentialAction":[{"@type":"ReadAction","target":["https:\/\/profil-netzwerkverein.de\/"]}]},{"@type":"BreadcrumbList","@id":"https:\/\/profil-netzwerkverein.de\/#breadcrumb","itemListElement":[{"@type":"ListItem","position":1,"name":"Startseite","item":"https:\/\/profil-netzwerkverein.de\/"},{"@type":"ListItem","position":2,"name":"Home"}]},{"@type":"WebSite","@id":"https:\/\/profil-netzwerkverein.de\/#website","url":"https:\/\/profil-netzwerkverein.de\/","name":"ProFil-Netzwerkverein","description":"zur F\u00f6rderung einer exzellenz- und gleichstellungsorientierten F\u00fchrungskr\u00e4fteentwicklung in der Wissenschaft e.V.","publisher":{"@id":"https:\/\/profil-netzwerkverein.de\/#organization"},"potentialAction":[{"@type":"SearchAction","target":{"@type":"EntryPoint","urlTemplate":"https:\/\/profil-netzwerkverein.de\/?s={search_term_string}"},"query-input":{"@type":"PropertyValueSpecification","valueRequired":true,"valueName":"search_term_string"}}],"inLanguage":"en-US"},{"@type":"Organization","@id":"https:\/\/profil-netzwerkverein.de\/#organization","name":"ProFiL-Netzwerkverein e. V.","url":"https:\/\/profil-netzwerkverein.de\/","logo":{"@type":"ImageObject","inLanguage":"en-US","@id":"https:\/\/profil-netzwerkverein.de\/#\/schema\/logo\/image\/","url":"https:\/\/profil-netzwerkverein.de\/wp-content\/uploads\/2018\/02\/Logo_ProFiL_version1.1.png","contentUrl":"https:\/\/profil-netzwerkverein.de\/wp-content\/uploads\/2018\/02\/Logo_ProFiL_version1.1.png","width":2000,"height":589,"caption":"ProFiL-Netzwerkverein e. V."},"image":{"@id":"https:\/\/profil-netzwerkverein.de\/#\/schema\/logo\/image\/"}}]}},"_links":{"self":[{"href":"https:\/\/profil-netzwerkverein.de\/en\/wp-json\/wp\/v2\/pages\/2","targetHints":{"allow":["GET"]}}],"collection":[{"href":"https:\/\/profil-netzwerkverein.de\/en\/wp-json\/wp\/v2\/pages"}],"about":[{"href":"https:\/\/profil-netzwerkverein.de\/en\/wp-json\/wp\/v2\/types\/page"}],"author":[{"embeddable":true,"href":"https:\/\/profil-netzwerkverein.de\/en\/wp-json\/wp\/v2\/users\/1"}],"replies":[{"embeddable":true,"href":"https:\/\/profil-netzwerkverein.de\/en\/wp-json\/wp\/v2\/comments?post=2"}],"version-history":[{"count":14,"href":"https:\/\/profil-netzwerkverein.de\/en\/wp-json\/wp\/v2\/pages\/2\/revisions"}],"predecessor-version":[{"id":975,"href":"https:\/\/profil-netzwerkverein.de\/en\/wp-json\/wp\/v2\/pages\/2\/revisions\/975"}],"wp:attachment":[{"href":"https:\/\/profil-netzwerkverein.de\/en\/wp-json\/wp\/v2\/media?parent=2"}],"curies":[{"name":"wp","href":"https:\/\/api.w.org\/{rel}","templated":true}]}}